{"id":2719,"date":"2025-08-29T11:47:48","date_gmt":"2025-08-29T16:47:48","guid":{"rendered":"https:\/\/redencionglobal.org\/?page_id=2719"},"modified":"2026-03-21T16:17:59","modified_gmt":"2026-03-21T21:17:59","slug":"voluntarios","status":"publish","type":"page","link":"https:\/\/redencionglobal.org\/en\/voluntarios\/","title":{"rendered":"Volunteers"},"content":{"rendered":"\t\t<div data-elementor-type=\"wp-page\" data-elementor-id=\"2719\" class=\"elementor elementor-2719\" data-elementor-post-type=\"page\">\n\t\t\t\t<div data-particle_enable=\"false\" data-particle-mobile-disabled=\"false\" class=\"elementor-element elementor-element-39cc283 e-flex e-con-boxed e-con e-parent\" data-id=\"39cc283\" data-element_type=\"container\" data-e-type=\"container\" data-settings=\"{&quot;background_background&quot;:&quot;classic&quot;}\">\n\t\t\t\t\t<div class=\"e-con-inner\">\n\t\t<div data-particle_enable=\"false\" data-particle-mobile-disabled=\"false\" class=\"elementor-element elementor-element-718999f e-flex e-con-boxed e-con e-child\" data-id=\"718999f\" data-element_type=\"container\" data-e-type=\"container\">\n\t\t\t\t\t<div class=\"e-con-inner\">\n\t\t\t\t<div class=\"elementor-element elementor-element-1e91695 elementor-widget elementor-widget-heading\" data-id=\"1e91695\" data-element_type=\"widget\" data-e-type=\"widget\" data-widget_type=\"heading.default\">\n\t\t\t\t<div class=\"elementor-widget-container\">\n\t\t\t\t\t<h1 class=\"elementor-heading-title elementor-size-default\">\u00bfQuieres ser voluntario?<\/h1>\t\t\t\t<\/div>\n\t\t\t\t<\/div>\n\t\t\t\t\t<\/div>\n\t\t\t\t<\/div>\n\t\t\t\t\t<\/div>\n\t\t\t\t<\/div>\n\t\t<div data-particle_enable=\"false\" data-particle-mobile-disabled=\"false\" class=\"elementor-element elementor-element-bc59d8d e-flex e-con-boxed e-con e-parent\" data-id=\"bc59d8d\" data-element_type=\"container\" data-e-type=\"container\">\n\t\t\t\t\t<div class=\"e-con-inner\">\n\t\t\t\t<div class=\"elementor-element elementor-element-b3793a6 elementor-widget elementor-widget-heading\" data-id=\"b3793a6\" data-element_type=\"widget\" data-e-type=\"widget\" data-widget_type=\"heading.default\">\n\t\t\t\t<div class=\"elementor-widget-container\">\n\t\t\t\t\t<h2 class=\"elementor-heading-title elementor-size-default\">Dos formas de ser voluntario: <\/h2>\t\t\t\t<\/div>\n\t\t\t\t<\/div>\n\t\t\t\t\t<\/div>\n\t\t\t\t<\/div>\n\t\t<div data-particle_enable=\"false\" data-particle-mobile-disabled=\"false\" class=\"elementor-element elementor-element-ba09651 e-flex e-con-boxed e-con e-parent\" data-id=\"ba09651\" data-element_type=\"container\" data-e-type=\"container\">\n\t\t\t\t\t<div class=\"e-con-inner\">\n\t\t<div data-particle_enable=\"false\" data-particle-mobile-disabled=\"false\" class=\"elementor-element elementor-element-f30a4df e-con-full e-flex e-con e-child\" data-id=\"f30a4df\" data-element_type=\"container\" data-e-type=\"container\">\n\t\t\t\t<div class=\"elementor-element elementor-element-b3bb3a5 elementor-widget elementor-widget-image\" data-id=\"b3bb3a5\" data-element_type=\"widget\" data-e-type=\"widget\" data-widget_type=\"image.default\">\n\t\t\t\t<div class=\"elementor-widget-container\">\n\t\t\t\t\t\t\t\t\t\t\t\t\t\t\t<img decoding=\"async\" width=\"150\" height=\"150\" src=\"https:\/\/redencionglobal.org\/wp-content\/uploads\/2025\/08\/Iglesias-150x150.png\" class=\"attachment-thumbnail size-thumbnail wp-image-2416\" alt=\"\" srcset=\"https:\/\/redencionglobal.org\/wp-content\/uploads\/2025\/08\/Iglesias-150x150.png 150w, https:\/\/redencionglobal.org\/wp-content\/uploads\/2025\/08\/Iglesias-300x300.png 300w, https:\/\/redencionglobal.org\/wp-content\/uploads\/2025\/08\/Iglesias-1024x1024.png 1024w, https:\/\/redencionglobal.org\/wp-content\/uploads\/2025\/08\/Iglesias-768x768.png 768w, https:\/\/redencionglobal.org\/wp-content\/uploads\/2025\/08\/elementor\/thumbs\/Iglesias-rbtjgscvkh6w3yakd620z0bugwzk2gz6xgdbp5cctk.png 100w, https:\/\/redencionglobal.org\/wp-content\/uploads\/2025\/08\/Iglesias.png 1080w\" sizes=\"(max-width: 150px) 100vw, 150px\" \/>\t\t\t\t\t\t\t\t\t\t\t\t\t\t\t<\/div>\n\t\t\t\t<\/div>\n\t\t\t\t<div class=\"elementor-element elementor-element-1449a25 elementor-widget elementor-widget-heading\" data-id=\"1449a25\" data-element_type=\"widget\" data-e-type=\"widget\" data-widget_type=\"heading.default\">\n\t\t\t\t<div class=\"elementor-widget-container\">\n\t\t\t\t\t<h5 class=\"elementor-heading-title elementor-size-default\">Ser voluntario en alguno de nuestros ministerios aliados<\/h5>\t\t\t\t<\/div>\n\t\t\t\t<\/div>\n\t\t\t\t<div class=\"elementor-element elementor-element-ce179c8 elementor-widget elementor-widget-text-editor\" data-id=\"ce179c8\" data-element_type=\"widget\" data-e-type=\"widget\" data-widget_type=\"text-editor.default\">\n\t\t\t\t<div class=\"elementor-widget-container\">\n\t\t\t\t\t\t\t\t\t<p>Puedes conocer en nuestro directorio algunos ministerios y proyectos en los cuales puede servir, donando tu tiempo, talento o profesi\u00f3n. Te comunicas con ellos para unirte.<\/p>\t\t\t\t\t\t\t\t<\/div>\n\t\t\t\t<\/div>\n\t\t\t\t<div class=\"elementor-element elementor-element-5d788e6 elementor-align-center elementor-widget elementor-widget-button\" data-id=\"5d788e6\" data-element_type=\"widget\" data-e-type=\"widget\" data-widget_type=\"button.default\">\n\t\t\t\t<div class=\"elementor-widget-container\">\n\t\t\t\t\t\t\t\t\t<div class=\"elementor-button-wrapper\">\n\t\t\t\t\t<a class=\"elementor-button elementor-button-link elementor-size-sm\" href=\"https:\/\/redencionglobal.org\/directorio\/\">\n\t\t\t\t\t\t<span class=\"elementor-button-content-wrapper\">\n\t\t\t\t\t\t\t\t\t<span class=\"elementor-button-text\">Ver directorio<\/span>\n\t\t\t\t\t<\/span>\n\t\t\t\t\t<\/a>\n\t\t\t\t<\/div>\n\t\t\t\t\t\t\t\t<\/div>\n\t\t\t\t<\/div>\n\t\t\t\t<\/div>\n\t\t<div data-particle_enable=\"false\" data-particle-mobile-disabled=\"false\" class=\"elementor-element elementor-element-b2eaafd e-con-full e-flex e-con e-child\" data-id=\"b2eaafd\" data-element_type=\"container\" data-e-type=\"container\">\n\t\t\t\t<div class=\"elementor-element elementor-element-7d3df65 elementor-widget elementor-widget-image\" data-id=\"7d3df65\" data-element_type=\"widget\" data-e-type=\"widget\" data-widget_type=\"image.default\">\n\t\t\t\t<div class=\"elementor-widget-container\">\n\t\t\t\t\t\t\t\t\t\t\t\t\t\t\t<img decoding=\"async\" width=\"150\" height=\"150\" src=\"https:\/\/redencionglobal.org\/wp-content\/uploads\/2026\/02\/REDENCION-GLOBAL-.ORG_-150x150.png\" class=\"attachment-thumbnail size-thumbnail wp-image-4207\" alt=\"\" srcset=\"https:\/\/redencionglobal.org\/wp-content\/uploads\/2026\/02\/REDENCION-GLOBAL-.ORG_-150x150.png 150w, https:\/\/redencionglobal.org\/wp-content\/uploads\/2026\/02\/REDENCION-GLOBAL-.ORG_-300x300.png 300w, https:\/\/redencionglobal.org\/wp-content\/uploads\/2026\/02\/REDENCION-GLOBAL-.ORG_.png 500w\" sizes=\"(max-width: 150px) 100vw, 150px\" \/>\t\t\t\t\t\t\t\t\t\t\t\t\t\t\t<\/div>\n\t\t\t\t<\/div>\n\t\t\t\t<div class=\"elementor-element elementor-element-3025243 elementor-widget elementor-widget-heading\" data-id=\"3025243\" data-element_type=\"widget\" data-e-type=\"widget\" data-widget_type=\"heading.default\">\n\t\t\t\t<div class=\"elementor-widget-container\">\n\t\t\t\t\t<h5 class=\"elementor-heading-title elementor-size-default\">\u00danete al equipo de Redenci\u00f3n Global<\/h5>\t\t\t\t<\/div>\n\t\t\t\t<\/div>\n\t\t\t\t<div class=\"elementor-element elementor-element-224ffaa elementor-widget elementor-widget-text-editor\" data-id=\"224ffaa\" data-element_type=\"widget\" data-e-type=\"widget\" data-widget_type=\"text-editor.default\">\n\t\t\t\t<div class=\"elementor-widget-container\">\n\t\t\t\t\t\t\t\t\t<p>Puedes ser parte de nuestro equipo donde podr\u00e1s participar en todo lo que hacemos, desde redes sociales, manejo de la plataforma, servir a otros ministerios desde las \u00e1reas de apoyo como marketing, legal, administraci\u00f3n, etc. Puedes servir desde tus talentos y profesi\u00f3n a otros ministerios para colaborar en la misi\u00f3n de Dios.<\/p>\t\t\t\t\t\t\t\t<\/div>\n\t\t\t\t<\/div>\n\t\t\t\t<div class=\"elementor-element elementor-element-cfeecc0 elementor-align-center elementor-widget elementor-widget-button\" data-id=\"cfeecc0\" data-element_type=\"widget\" data-e-type=\"widget\" data-widget_type=\"button.default\">\n\t\t\t\t<div class=\"elementor-widget-container\">\n\t\t\t\t\t\t\t\t\t<div class=\"elementor-button-wrapper\">\n\t\t\t\t\t<a class=\"elementor-button elementor-button-link elementor-size-sm\" href=\"#registro\">\n\t\t\t\t\t\t<span class=\"elementor-button-content-wrapper\">\n\t\t\t\t\t\t\t\t\t<span class=\"elementor-button-text\">Unirme al equipo de redenci\u00f3n global<\/span>\n\t\t\t\t\t<\/span>\n\t\t\t\t\t<\/a>\n\t\t\t\t<\/div>\n\t\t\t\t\t\t\t\t<\/div>\n\t\t\t\t<\/div>\n\t\t\t\t<\/div>\n\t\t\t\t\t<\/div>\n\t\t\t\t<\/div>\n\t\t<div data-particle_enable=\"false\" data-particle-mobile-disabled=\"false\" class=\"elementor-element elementor-element-57693be e-flex e-con-boxed e-con e-parent\" data-id=\"57693be\" data-element_type=\"container\" data-e-type=\"container\" data-settings=\"{&quot;background_background&quot;:&quot;classic&quot;}\">\n\t\t\t\t\t<div class=\"e-con-inner\">\n\t\t<div data-particle_enable=\"false\" data-particle-mobile-disabled=\"false\" class=\"elementor-element elementor-element-a746f0c e-con-full e-flex e-con e-child\" data-id=\"a746f0c\" data-element_type=\"container\" data-e-type=\"container\">\n\t\t\t\t<\/div>\n\t\t<div data-particle_enable=\"false\" data-particle-mobile-disabled=\"false\" class=\"elementor-element elementor-element-35e9a6e e-con-full e-flex e-con e-child\" data-id=\"35e9a6e\" data-element_type=\"container\" data-e-type=\"container\">\n\t\t\t\t<div class=\"elementor-element elementor-element-979ebb7 elementor-widget elementor-widget-menu-anchor\" data-id=\"979ebb7\" data-element_type=\"widget\" data-e-type=\"widget\" data-widget_type=\"menu-anchor.default\">\n\t\t\t\t<div class=\"elementor-widget-container\">\n\t\t\t\t\t\t\t<div class=\"elementor-menu-anchor\" id=\"registro\"><\/div>\n\t\t\t\t\t\t<\/div>\n\t\t\t\t<\/div>\n\t\t\t\t<div class=\"elementor-element elementor-element-95b27ac elementor-widget elementor-widget-heading\" data-id=\"95b27ac\" data-element_type=\"widget\" data-e-type=\"widget\" data-widget_type=\"heading.default\">\n\t\t\t\t<div class=\"elementor-widget-container\">\n\t\t\t\t\t<h2 class=\"elementor-heading-title elementor-size-default\">Reg\u00edstrate para ser parte de nuestro equipo <\/h2>\t\t\t\t<\/div>\n\t\t\t\t<\/div>\n\t\t\t\t<div class=\"elementor-element elementor-element-390c37e eael-wpforms-labels-yes eael-wpforms-form-button-custom elementor-widget elementor-widget-eael-wpforms\" data-id=\"390c37e\" data-element_type=\"widget\" data-e-type=\"widget\" data-widget_type=\"eael-wpforms.default\">\n\t\t\t\t<div class=\"elementor-widget-container\">\n\t\t\t\t\t            <div class=\"eael-contact-form eael-wpforms eael-wpforms-align-default\">\n                                <div class=\"wpforms-container wpforms-container-full wpforms-render-modern\" id=\"wpforms-17\"><form id=\"wpforms-form-17\" class=\"wpforms-validate wpforms-form\" data-formid=\"17\" method=\"post\" enctype=\"multipart\/form-data\" action=\"\/en\/wp-json\/wp\/v2\/pages\/2719\" data-token=\"fa688ca55bdae6ed021a0c048fa44928\" data-token-time=\"1776526925\"><noscript class=\"wpforms-error-noscript\">Please enable JavaScript in your browser to complete this form.<\/noscript><div class=\"wpforms-hidden\" id=\"wpforms-error-noscript\">Please enable JavaScript in your browser to complete this form.<\/div><div class=\"wpforms-field-container\"><div id=\"wpforms-17-field_1-container\" class=\"wpforms-field wpforms-field-text\" data-field-id=\"1\"><label class=\"wpforms-field-label\" for=\"wpforms-17-field_1\">Nombre completo <span class=\"wpforms-required-label\" aria-hidden=\"true\">*<\/span><\/label><input type=\"text\" id=\"wpforms-17-field_1\" class=\"wpforms-field-large wpforms-field-required\" name=\"wpforms[fields][1]\" aria-errormessage=\"wpforms-17-field_1-error\" required><\/div><div id=\"wpforms-17-field_10-container\" class=\"wpforms-field wpforms-field-phone\" data-field-id=\"10\"><label class=\"wpforms-field-label\" for=\"wpforms-17-field_10\">Tel\u00e9fono<\/label><input type=\"tel\" id=\"wpforms-17-field_10\" class=\"wpforms-field-large wpforms-masked-input\" data-inputmask=\"&#039;mask&#039;: &#039;(999) 999-9999&#039;\" data-rule-us-phone-field=\"true\" data-inputmask-inputmode=\"tel\" name=\"wpforms[fields][10]\" aria-label=\"Tel\u00e9fono\" aria-errormessage=\"wpforms-17-field_10-error\" ><\/div><div id=\"wpforms-17-field_2-container\" class=\"wpforms-field wpforms-field-email\" data-field-id=\"2\"><label class=\"wpforms-field-label\" for=\"wpforms-17-field_2\">Correo electr\u00f3nico <span class=\"wpforms-required-label\" aria-hidden=\"true\">*<\/span><\/label><input type=\"email\" id=\"wpforms-17-field_2\" class=\"wpforms-field-large wpforms-field-required\" name=\"wpforms[fields][2]\" spellcheck=\"false\" aria-errormessage=\"wpforms-17-field_2-error\" required><\/div><div id=\"wpforms-17-field_3-container\" class=\"wpforms-field wpforms-field-number\" data-field-id=\"3\"><label class=\"wpforms-field-label\" for=\"wpforms-17-field_3\">Profesi\u00f3n, vocaci\u00f3n, te dedicas a: <span class=\"wpforms-required-label\" aria-hidden=\"true\">*<\/span><\/label><input type=\"number\" id=\"wpforms-17-field_3\" class=\"wpforms-field-large wpforms-field-required\" name=\"wpforms[fields][3]\" aria-errormessage=\"wpforms-17-field_3-error\" required><\/div><div id=\"wpforms-17-field_6-container\" class=\"wpforms-field wpforms-field-number\" data-field-id=\"6\"><label class=\"wpforms-field-label\" for=\"wpforms-17-field_6\">\u00c1rea en la que te gustaria servir <span class=\"wpforms-required-label\" aria-hidden=\"true\">*<\/span><\/label><input type=\"number\" id=\"wpforms-17-field_6\" class=\"wpforms-field-large wpforms-field-required\" name=\"wpforms[fields][6]\" aria-errormessage=\"wpforms-17-field_6-error\" required><\/div><div id=\"wpforms-17-field_9-container\" class=\"wpforms-field wpforms-field-number\" data-field-id=\"9\"><label class=\"wpforms-field-label\" for=\"wpforms-17-field_9\">Disponibilidad de tiempo <span class=\"wpforms-required-label\" aria-hidden=\"true\">*<\/span><\/label><input type=\"number\" id=\"wpforms-17-field_9\" class=\"wpforms-field-large wpforms-field-required\" name=\"wpforms[fields][9]\" aria-errormessage=\"wpforms-17-field_9-error\" required><\/div><div id=\"wpforms-17-field_7-container\" class=\"wpforms-field wpforms-field-number\" data-field-id=\"7\"><label class=\"wpforms-field-label\" for=\"wpforms-17-field_7\">Iglesia  <span class=\"wpforms-required-label\" aria-hidden=\"true\">*<\/span><\/label><input type=\"number\" id=\"wpforms-17-field_7\" class=\"wpforms-field-large wpforms-field-required\" name=\"wpforms[fields][7]\" aria-errormessage=\"wpforms-17-field_7-error\" required><\/div><div id=\"wpforms-17-field_4-container\" class=\"wpforms-field wpforms-field-textarea\" data-field-id=\"4\"><label class=\"wpforms-field-label\" for=\"wpforms-17-field_4\">\u00bfAlg\u00fan mensaje? <span class=\"wpforms-required-label\" aria-hidden=\"true\">*<\/span><\/label><textarea id=\"wpforms-17-field_4\" class=\"wpforms-field-small wpforms-field-required\" name=\"wpforms[fields][4]\" aria-errormessage=\"wpforms-17-field_4-error\" required><\/textarea><\/div><div id=\"wpforms-17-field_11-container\" class=\"wpforms-field wpforms-field-checkbox\" data-field-id=\"11\"><fieldset><legend class=\"wpforms-field-label wpforms-label-hide\" aria-hidden=\"false\"> <span class=\"wpforms-required-label\" aria-hidden=\"true\">*<\/span><\/legend><ul id=\"wpforms-17-field_11\" class=\"wpforms-field-required\"><li class=\"choice-1 depth-1\"><input type=\"checkbox\" id=\"wpforms-17-field_11_1\" name=\"wpforms[fields][11][]\" value=\"He le\u00eddo y acepto la &lt;a target=&quot;_blank&quot; href=&quot;https:\/\/redencionglobal.org\/privacidad&quot;&gt;Pol\u00edtica de Tratamiento de Datos Personales&lt;\/a&gt;.\" aria-errormessage=\"wpforms-17-field_11_1-error\" required ><label class=\"wpforms-field-label-inline\" for=\"wpforms-17-field_11_1\">He le\u00eddo y acepto la <a target=\"_blank\" href=\"https:\/\/redencionglobal.org\/privacidad\">Pol\u00edtica de Tratamiento de Datos Personales<\/a>.<\/label><\/li><\/ul><\/fieldset><\/div><\/div><!-- .wpforms-field-container --><div class=\"wpforms-recaptcha-container wpforms-is-recaptcha wpforms-is-recaptcha-type-v3\" ><input type=\"hidden\" name=\"wpforms[recaptcha]\" value=\"\"><\/div><div class=\"wpforms-submit-container\" ><input type=\"hidden\" name=\"wpforms[id]\" value=\"17\"><input type=\"hidden\" name=\"page_title\" value=\"\"><input type=\"hidden\" name=\"page_url\" value=\"https:\/\/redencionglobal.org\/en\/wp-json\/wp\/v2\/pages\/2719\"><button type=\"submit\" name=\"wpforms[submit]\" id=\"wpforms-submit-17\" class=\"wpforms-submit\" data-alt-text=\"Enviando...\" data-submit-text=\"Enviar registro\" aria-live=\"assertive\" value=\"wpforms-submit\">Enviar registro<\/button><\/div><\/form><\/div>  <!-- .wpforms-container -->            <\/div>\n\t\t\t\t<\/div>\n\t\t\t\t<\/div>\n\t\t\t\t<\/div>\n\t\t<div data-particle_enable=\"false\" data-particle-mobile-disabled=\"false\" class=\"elementor-element elementor-element-a1c830b e-con-full e-flex e-con e-child\" data-id=\"a1c830b\" data-element_type=\"container\" data-e-type=\"container\">\n\t\t\t\t<\/div>\n\t\t\t\t\t<\/div>\n\t\t\t\t<\/div>\n\t\t\t\t<\/div>\n\t\t","protected":false},"excerpt":{"rendered":"<p>\u00bfQuieres ser voluntario? Dos formas de ser voluntario: Ser voluntario en alguno de nuestros ministerios aliados Puedes conocer en nuestro [&hellip;]<\/p>\n","protected":false},"author":2,"featured_media":0,"parent":0,"menu_order":0,"comment_status":"closed","ping_status":"closed","template":"","meta":{"site-sidebar-layout":"no-sidebar","site-content-layout":"","ast-site-content-layout":"full-width-container","site-content-style":"default","site-sidebar-style":"default","ast-global-header-display":"","ast-banner-title-visibility":"","ast-main-header-display":"","ast-hfb-above-header-display":"","ast-hfb-below-header-display":"","ast-hfb-mobile-header-display":"","site-post-title":"","ast-breadcrumbs-content":"","ast-featured-img":"","footer-sml-layout":"","ast-disable-related-posts":"","theme-transparent-header-meta":"","adv-header-id-meta":"","stick-header-meta":"","header-above-stick-meta":"","header-main-stick-meta":"","header-below-stick-meta":"","astra-migrate-meta-layouts":"default","ast-page-background-enabled":"default","ast-page-background-meta":{"desktop":{"background-color":"var(--ast-global-color-4)","background-image":"","background-repeat":"repeat","background-position":"center center","background-size":"auto","background-attachment":"scroll","background-type":"","background-media":"","overlay-type":"","overlay-color":"","overlay-opacity":"","overlay-gradient":""},"tablet":{"background-color":"","background-image":"","background-repeat":"repeat","background-position":"center center","background-size":"auto","background-attachment":"scroll","background-type":"","background-media":"","overlay-type":"","overlay-color":"","overlay-opacity":"","overlay-gradient":""},"mobile":{"background-color":"","background-image":"","background-repeat":"repeat","background-position":"center center","background-size":"auto","background-attachment":"scroll","background-type":"","background-media":"","overlay-type":"","overlay-color":"","overlay-opacity":"","overlay-gradient":""}},"ast-content-background-meta":{"desktop":{"background-color":"var(--ast-global-color-5)","background-image":"","background-repeat":"repeat","background-position":"center center","background-size":"auto","background-attachment":"scroll","background-type":"","background-media":"","overlay-type":"","overlay-color":"","overlay-opacity":"","overlay-gradient":""},"tablet":{"background-color":"var(--ast-global-color-5)","background-image":"","background-repeat":"repeat","background-position":"center center","background-size":"auto","background-attachment":"scroll","background-type":"","background-media":"","overlay-type":"","overlay-color":"","overlay-opacity":"","overlay-gradient":""},"mobile":{"background-color":"var(--ast-global-color-5)","background-image":"","background-repeat":"repeat","background-position":"center center","background-size":"auto","background-attachment":"scroll","background-type":"","background-media":"","overlay-type":"","overlay-color":"","overlay-opacity":"","overlay-gradient":""}},"footnotes":""},"class_list":["post-2719","page","type-page","status-publish","hentry"],"aioseo_notices":[],"_links":{"self":[{"href":"https:\/\/redencionglobal.org\/en\/wp-json\/wp\/v2\/pages\/2719","targetHints":{"allow":["GET"]}}],"collection":[{"href":"https:\/\/redencionglobal.org\/en\/wp-json\/wp\/v2\/pages"}],"about":[{"href":"https:\/\/redencionglobal.org\/en\/wp-json\/wp\/v2\/types\/page"}],"author":[{"embeddable":true,"href":"https:\/\/redencionglobal.org\/en\/wp-json\/wp\/v2\/users\/2"}],"replies":[{"embeddable":true,"href":"https:\/\/redencionglobal.org\/en\/wp-json\/wp\/v2\/comments?post=2719"}],"version-history":[{"count":12,"href":"https:\/\/redencionglobal.org\/en\/wp-json\/wp\/v2\/pages\/2719\/revisions"}],"predecessor-version":[{"id":4688,"href":"https:\/\/redencionglobal.org\/en\/wp-json\/wp\/v2\/pages\/2719\/revisions\/4688"}],"wp:attachment":[{"href":"https:\/\/redencionglobal.org\/en\/wp-json\/wp\/v2\/media?parent=2719"}],"curies":[{"name":"wp","href":"https:\/\/api.w.org\/{rel}","templated":true}]}}